{"id":205,"date":"2025-11-20T18:25:35","date_gmt":"2025-11-20T17:25:35","guid":{"rendered":"https:\/\/exploranatura.es\/accessibility-statement\/"},"modified":"2025-11-20T21:03:44","modified_gmt":"2025-11-20T20:03:44","slug":"accessibility-statement","status":"publish","type":"page","link":"https:\/\/exploranatura.es\/en\/accessibility-statement\/","title":{"rendered":"Declaraci\u00f3n de Accesibilidad"},"content":{"rendered":"<h6 class=\"wp-block-heading has-text-align-center\" id=\"h-declaracion-de-accesibilidad-para-exploranatura-es\">Accessibility Statement for exploranatura.es<\/h6>\n\n\n\n<p>Explora Natura SL is committed to ensuring digital accessibility for people with disabilities. We continuously improve the user experience for everyone and apply relevant accessibility standards.<\/p>\n\n\n\n<h3 class=\"wp-block-heading\">State of Conformity<\/h3>\n\n\n\n<p>The Web Content Accessibility Guidelines (WCAG) define the requirements for designers and developers to improve accessibility for people with disabilities. Three levels of conformance are defined: Level A, Level AA, and Level AAA.<\/p>\n\n\n\n<p>Explora Natura SL makes constant efforts to improve the accessibility of its site and services, in the belief that it is our collective moral obligation to allow smooth, accessible and unhindered use for those of us with disabilities.<\/p>\n\n\n\n<p>Our goal is to make all pages and content on exploranatura.es accessible, but some content may not yet fully meet the highest accessibility standards. This could be due to challenges in identifying the most appropriate technological solution.<\/p>\n\n\n\n<p>We may review this Statement periodically to reflect improvements or changes in our accessibility practices.<\/p>\n\n\n\n<h3 class=\"wp-block-heading\">Suggestions<\/h3>\n\n\n\n<p>We appreciate your feedback on the accessibility of the Explora Natura SL website. Please let us know if you encounter any accessibility barriers on our website:<\/p>\n\n\n\n<ul class=\"wp-block-list\">\n<li><strong>Email:<\/strong> exploranaturasl@gmail.com<\/li>\n<\/ul>\n\n\n\n<p>We try to respond to comments within 3 to 5 business days.<\/p>\n\n\n\n<p>This statement was created on 20\/11\/2025.<\/p>","protected":false},"excerpt":{"rendered":"<p>Declaraci\u00f3n de Accesibilidad para exploranatura.es Explora Natura SL se compromete a garantizar la accesibilidad digital para personas con discapacidad. Mejoramos [&hellip;]<\/p>\n","protected":false},"author":2,"featured_media":0,"parent":0,"menu_order":0,"comment_status":"closed","ping_status":"closed","template":"","meta":{"site-sidebar-layout":"default","site-content-layout":"","ast-site-content-layout":"normal-width-container","site-content-style":"default","site-sidebar-style":"default","ast-global-header-display":"","ast-banner-title-visibility":"","ast-main-header-display":"","ast-hfb-above-header-display":"","ast-hfb-below-header-display":"","ast-hfb-mobile-header-display":"","site-post-title":"","ast-breadcrumbs-content":"","ast-featured-img":"","footer-sml-layout":"","ast-disable-related-posts":"","theme-transparent-header-meta":"","adv-header-id-meta":"","stick-header-meta":"","header-above-stick-meta":"","header-main-stick-meta":"","header-below-stick-meta":"","astra-migrate-meta-layouts":"default","ast-page-background-enabled":"default","ast-page-background-meta":{"desktop":{"background-color":"var(--ast-global-color-5)","background-image":"","background-repeat":"repeat","background-position":"center center","background-size":"auto","background-attachment":"scroll","background-type":"","background-media":"","overlay-type":"","overlay-color":"","overlay-opacity":"","overlay-gradient":""},"tablet":{"background-color":"","background-image":"","background-repeat":"repeat","background-position":"center center","background-size":"auto","background-attachment":"scroll","background-type":"","background-media":"","overlay-type":"","overlay-color":"","overlay-opacity":"","overlay-gradient":""},"mobile":{"background-color":"","background-image":"","background-repeat":"repeat","background-position":"center center","background-size":"auto","background-attachment":"scroll","background-type":"","background-media":"","overlay-type":"","overlay-color":"","overlay-opacity":"","overlay-gradient":""}},"ast-content-background-meta":{"desktop":{"background-color":"var(--ast-global-color-4)","background-image":"","background-repeat":"repeat","background-position":"center center","background-size":"auto","background-attachment":"scroll","background-type":"","background-media":"","overlay-type":"","overlay-color":"","overlay-opacity":"","overlay-gradient":""},"tablet":{"background-color":"var(--ast-global-color-4)","background-image":"","background-repeat":"repeat","background-position":"center center","background-size":"auto","background-attachment":"scroll","background-type":"","background-media":"","overlay-type":"","overlay-color":"","overlay-opacity":"","overlay-gradient":""},"mobile":{"background-color":"var(--ast-global-color-4)","background-image":"","background-repeat":"repeat","background-position":"center center","background-size":"auto","background-attachment":"scroll","background-type":"","background-media":"","overlay-type":"","overlay-color":"","overlay-opacity":"","overlay-gradient":""}},"footnotes":""},"class_list":["post-205","page","type-page","status-publish","hentry"],"featured_image_urls_v2":{"full":"","thumbnail":"","medium":"","medium_large":"","large":"","1536x1536":"","2048x2048":"","trp-custom-language-flag":""},"post_excerpt_stackable_v2":"<p>Declaraci\u00f3n de Accesibilidad para exploranatura.es Explora Natura SL se compromete a garantizar la accesibilidad digital para personas con discapacidad. Mejoramos continuamente la experiencia del usuario para todos y aplicamos los est\u00e1ndares de accesibilidad pertinentes. Estado de Conformidad Las Pautas de Accesibilidad al Contenido Web (WCAG) definen los requisitos para que dise\u00f1adores y desarrolladores mejoren la accesibilidad para personas con discapacidad. Se definen tres niveles de conformidad: Nivel A, Nivel AA y Nivel AAA. Explora Natura SL realiza esfuerzos constantes para mejorar la accesibilidad de su sitio y sus servicios, en la creencia de que es nuestra obligaci\u00f3n moral colectiva permitir&hellip;<\/p>\n","category_list_v2":"","author_info_v2":{"name":"Jesus Castro Pe\u00f1a","url":"https:\/\/exploranatura.es\/en\/author\/jesus\/"},"comments_num_v2":"0 comments","yoast_head":"<!-- This site is optimized with the Yoast SEO Premium plugin v26.8 (Yoast SEO v27.2) - https:\/\/yoast.com\/product\/yoast-seo-premium-wordpress\/ -->\n<title>Declaraci\u00f3n de Accesibilidad | Explora Natura<\/title>\n<meta name=\"robots\" content=\"index, follow, max-snippet:-1, max-image-preview:large, max-video-preview:-1\" \/>\n<link rel=\"canonical\" href=\"https:\/\/exploranatura.es\/en\/accessibility-statement\/\" \/>\n<meta property=\"og:locale\" content=\"en_US\" \/>\n<meta property=\"og:type\" content=\"article\" \/>\n<meta property=\"og:title\" content=\"Declaraci\u00f3n de Accesibilidad\" \/>\n<meta property=\"og:description\" content=\"Declaraci\u00f3n de Accesibilidad para exploranatura.es Explora Natura SL se compromete a garantizar la accesibilidad digital para personas con discapacidad. Mejoramos [&hellip;]\" \/>\n<meta property=\"og:url\" content=\"https:\/\/exploranatura.es\/en\/accessibility-statement\/\" \/>\n<meta property=\"og:site_name\" content=\"Explora Natura\" \/>\n<meta property=\"article:modified_time\" content=\"2025-11-20T20:03:44+00:00\" \/>\n<meta property=\"og:image\" content=\"https:\/\/exploranatura.es\/wp-content\/uploads\/2025\/11\/BIG-LOGO.webp\" \/>\n\t<meta property=\"og:image:width\" content=\"1024\" \/>\n\t<meta property=\"og:image:height\" content=\"544\" \/>\n\t<meta property=\"og:image:type\" content=\"image\/webp\" \/>\n<meta name=\"twitter:card\" content=\"summary_large_image\" \/>\n<meta name=\"twitter:label1\" content=\"Est. reading time\" \/>\n\t<meta name=\"twitter:data1\" content=\"2 minutes\" \/>\n<script type=\"application\/ld+json\" class=\"yoast-schema-graph\">{\"@context\":\"https:\/\/schema.org\",\"@graph\":[{\"@type\":\"WebPage\",\"@id\":\"https:\/\/exploranatura.es\/accessibility-statement\/\",\"url\":\"https:\/\/exploranatura.es\/accessibility-statement\/\",\"name\":\"Declaraci\u00f3n de Accesibilidad | Explora Natura\",\"isPartOf\":{\"@id\":\"https:\/\/exploranatura.es\/#website\"},\"datePublished\":\"2025-11-20T17:25:35+00:00\",\"dateModified\":\"2025-11-20T20:03:44+00:00\",\"breadcrumb\":{\"@id\":\"https:\/\/exploranatura.es\/accessibility-statement\/#breadcrumb\"},\"inLanguage\":\"en-US\",\"potentialAction\":[{\"@type\":\"ReadAction\",\"target\":[\"https:\/\/exploranatura.es\/accessibility-statement\/\"]}]},{\"@type\":\"BreadcrumbList\",\"@id\":\"https:\/\/exploranatura.es\/accessibility-statement\/#breadcrumb\",\"itemListElement\":[{\"@type\":\"ListItem\",\"position\":1,\"name\":\"Portada\",\"item\":\"https:\/\/exploranatura.es\/\"},{\"@type\":\"ListItem\",\"position\":2,\"name\":\"Declaraci\u00f3n de Accesibilidad\"}]},{\"@type\":\"WebSite\",\"@id\":\"https:\/\/exploranatura.es\/#website\",\"url\":\"https:\/\/exploranatura.es\/\",\"name\":\"Explora Natura\",\"description\":\"Proyecto especializado en educaci\u00f3n ambiental, turismo de naturaleza y observaci\u00f3n de aves, que desarrolla hides fotogr\u00e1ficos, actividades ornitol\u00f3gicas y dise\u00f1o de espacios y parques dedicados a la interpretaci\u00f3n de la fauna.\",\"publisher\":{\"@id\":\"https:\/\/exploranatura.es\/#organization\"},\"alternateName\":\"Explora Natura\",\"potentialAction\":[{\"@type\":\"SearchAction\",\"target\":{\"@type\":\"EntryPoint\",\"urlTemplate\":\"https:\/\/exploranatura.es\/?s={search_term_string}\"},\"query-input\":{\"@type\":\"PropertyValueSpecification\",\"valueRequired\":true,\"valueName\":\"search_term_string\"}}],\"inLanguage\":\"en-US\"},{\"@type\":\"Organization\",\"@id\":\"https:\/\/exploranatura.es\/#organization\",\"name\":\"Explora Natura\",\"alternateName\":\"Explora Natura\",\"url\":\"https:\/\/exploranatura.es\/\",\"logo\":{\"@type\":\"ImageObject\",\"inLanguage\":\"en-US\",\"@id\":\"https:\/\/exploranatura.es\/#\/schema\/logo\/image\/\",\"url\":\"https:\/\/exploranatura.es\/wp-content\/uploads\/2025\/11\/favicon.webp\",\"contentUrl\":\"https:\/\/exploranatura.es\/wp-content\/uploads\/2025\/11\/favicon.webp\",\"width\":521,\"height\":513,\"caption\":\"Explora Natura\"},\"image\":{\"@id\":\"https:\/\/exploranatura.es\/#\/schema\/logo\/image\/\"},\"email\":\"exploranaturasl@gmail.com\",\"telephone\":\"651692055\",\"legalName\":\"Explora Natura SL\",\"foundingDate\":\"2015-10-01\",\"vatID\":\"B56035744\",\"numberOfEmployees\":{\"@type\":\"QuantitativeValue\",\"minValue\":\"1\",\"maxValue\":\"10\"}}]}<\/script>\n<!-- \/ Yoast SEO Premium plugin. -->","yoast_head_json":{"title":"Declaraci\u00f3n de Accesibilidad | Explora Natura","robots":{"index":"index","follow":"follow","max-snippet":"max-snippet:-1","max-image-preview":"max-image-preview:large","max-video-preview":"max-video-preview:-1"},"canonical":"https:\/\/exploranatura.es\/en\/accessibility-statement\/","og_locale":"en_US","og_type":"article","og_title":"Declaraci\u00f3n de Accesibilidad","og_description":"Declaraci\u00f3n de Accesibilidad para exploranatura.es Explora Natura SL se compromete a garantizar la accesibilidad digital para personas con discapacidad. Mejoramos [&hellip;]","og_url":"https:\/\/exploranatura.es\/en\/accessibility-statement\/","og_site_name":"Explora Natura","article_modified_time":"2025-11-20T20:03:44+00:00","og_image":[{"width":1024,"height":544,"url":"https:\/\/exploranatura.es\/wp-content\/uploads\/2025\/11\/BIG-LOGO.webp","type":"image\/webp"}],"twitter_card":"summary_large_image","twitter_misc":{"Est. reading time":"2 minutes"},"schema":{"@context":"https:\/\/schema.org","@graph":[{"@type":"WebPage","@id":"https:\/\/exploranatura.es\/accessibility-statement\/","url":"https:\/\/exploranatura.es\/accessibility-statement\/","name":"Declaraci\u00f3n de Accesibilidad | Explora Natura","isPartOf":{"@id":"https:\/\/exploranatura.es\/#website"},"datePublished":"2025-11-20T17:25:35+00:00","dateModified":"2025-11-20T20:03:44+00:00","breadcrumb":{"@id":"https:\/\/exploranatura.es\/accessibility-statement\/#breadcrumb"},"inLanguage":"en-US","potentialAction":[{"@type":"ReadAction","target":["https:\/\/exploranatura.es\/accessibility-statement\/"]}]},{"@type":"BreadcrumbList","@id":"https:\/\/exploranatura.es\/accessibility-statement\/#breadcrumb","itemListElement":[{"@type":"ListItem","position":1,"name":"Portada","item":"https:\/\/exploranatura.es\/"},{"@type":"ListItem","position":2,"name":"Declaraci\u00f3n de Accesibilidad"}]},{"@type":"WebSite","@id":"https:\/\/exploranatura.es\/#website","url":"https:\/\/exploranatura.es\/","name":"Explore Nature","description":"A project specializing in environmental education, nature tourism and bird watching, which develops photographic hides, ornithological activities and the design of spaces and parks dedicated to the interpretation of fauna.","publisher":{"@id":"https:\/\/exploranatura.es\/#organization"},"alternateName":"Explora Natura","potentialAction":[{"@type":"SearchAction","target":{"@type":"EntryPoint","urlTemplate":"https:\/\/exploranatura.es\/?s={search_term_string}"},"query-input":{"@type":"PropertyValueSpecification","valueRequired":true,"valueName":"search_term_string"}}],"inLanguage":"en-US"},{"@type":"Organization","@id":"https:\/\/exploranatura.es\/#organization","name":"Explore Nature","alternateName":"Explora Natura","url":"https:\/\/exploranatura.es\/","logo":{"@type":"ImageObject","inLanguage":"en-US","@id":"https:\/\/exploranatura.es\/#\/schema\/logo\/image\/","url":"https:\/\/exploranatura.es\/wp-content\/uploads\/2025\/11\/favicon.webp","contentUrl":"https:\/\/exploranatura.es\/wp-content\/uploads\/2025\/11\/favicon.webp","width":521,"height":513,"caption":"Explora Natura"},"image":{"@id":"https:\/\/exploranatura.es\/#\/schema\/logo\/image\/"},"email":"exploranaturasl@gmail.com","telephone":"651692055","legalName":"Explora Natura SL","foundingDate":"2015-10-01","vatID":"B56035744","numberOfEmployees":{"@type":"QuantitativeValue","minValue":"1","maxValue":"10"}}]}},"_links":{"self":[{"href":"https:\/\/exploranatura.es\/en\/wp-json\/wp\/v2\/pages\/205","targetHints":{"allow":["GET"]}}],"collection":[{"href":"https:\/\/exploranatura.es\/en\/wp-json\/wp\/v2\/pages"}],"about":[{"href":"https:\/\/exploranatura.es\/en\/wp-json\/wp\/v2\/types\/page"}],"author":[{"embeddable":true,"href":"https:\/\/exploranatura.es\/en\/wp-json\/wp\/v2\/users\/2"}],"replies":[{"embeddable":true,"href":"https:\/\/exploranatura.es\/en\/wp-json\/wp\/v2\/comments?post=205"}],"version-history":[{"count":0,"href":"https:\/\/exploranatura.es\/en\/wp-json\/wp\/v2\/pages\/205\/revisions"}],"wp:attachment":[{"href":"https:\/\/exploranatura.es\/en\/wp-json\/wp\/v2\/media?parent=205"}],"curies":[{"name":"wp","href":"https:\/\/api.w.org\/{rel}","templated":true}]}}