{"id":3332,"date":"2026-02-24T12:31:07","date_gmt":"2026-02-24T11:31:07","guid":{"rendered":"https:\/\/exploranatura.es\/?page_id=3332"},"modified":"2026-02-24T12:42:46","modified_gmt":"2026-02-24T11:42:46","slug":"formulario-centros-educativos-entidades","status":"publish","type":"page","link":"https:\/\/exploranatura.es\/en\/formulario-centros-educativos-entidades\/","title":{"rendered":"Formulario centros educativos-entidades"},"content":{"rendered":"<div class=\"wp-block-stackable-columns stk-block-columns stk-block stk-0b76cb4\" data-block-id=\"0b76cb4\"><style>.stk-0b76cb4 {max-width:90% !important;min-width:auto !important;margin-top:80px !important;margin-right:auto !important;margin-left:auto !important;}@media screen and (max-width: 767px){.stk-0b76cb4 {max-width:95% !important;min-width:auto !important;}}<\/style><div class=\"stk-row stk-inner-blocks stk-block-content stk-content-align stk-0b76cb4-column\">\n<div class=\"wp-block-stackable-column stk-block-column stk-column stk-block stk-bfcdcb6\" data-v=\"4\" data-block-id=\"bfcdcb6\"><style>.stk-bfcdcb6 {align-self:center !important;}@media screen and (min-width: 768px){.stk-bfcdcb6 {flex:var(--stk-flex-grow, 1) 1 calc(40% - var(--stk-column-gap, 0px) * 1 \/ 2 ) !important;}}@media screen and (min-width: 768px) and (max-width: 1023px){.stk-bfcdcb6 {flex:var(--stk-flex-grow, 1) 1 calc(100% - var(--stk-column-gap, 0px) * 0 \/ 1 ) !important;}}<\/style><div class=\"stk-column-wrapper stk-block-column__content stk-container stk-bfcdcb6-container stk-hover-parent\"><div class=\"stk-block-content stk-inner-blocks stk-bfcdcb6-inner-blocks\">\n<div class=\"wp-block-stackable-heading stk-block-heading stk-block-heading--v2 stk-block stk-608fec8\" id=\"listos-para-descubrir-los-secretos-y-la-diversion-que-esconde-la-naturaleza\" data-block-id=\"608fec8\"><style>.stk-608fec8 .stk-block-heading__text{font-size:30px !important;}@media screen and (max-width: 1023px){.stk-608fec8 .stk-block-heading__text{font-size:30px !important;}}@media screen and (max-width: 767px){.stk-608fec8 .stk-block-heading__text{font-size:20px !important;}}<\/style><h2 class=\"stk-block-heading__text\">Ready to discover the secrets and fun that nature holds?<\/h2><\/div>\n\n\n\n<div class=\"wp-block-stackable-text stk-block-text stk-block stk-4b36644\" data-block-id=\"4b36644\"><style>@media screen and (max-width: 767px){.stk-4b36644 .stk-block-text__text{font-size:14px !important;}}<\/style><p class=\"stk-block-text__text\">We design tailor-made experiences for your school or organization. Whether you have a clear project in mind or need advice on our nature activities, we&#039;re here to help. Tell us what you&#039;re looking for and you&#039;ll receive a personalized response within 24 to 48 hours.<\/p><\/div>\n<\/div><\/div><\/div>\n\n\n\n<div class=\"wp-block-stackable-column stk-block-column stk-column stk-block stk-e2f34c0\" data-v=\"4\" data-block-id=\"e2f34c0\"><style>@media screen and (min-width: 768px){.stk-e2f34c0 {flex:var(--stk-flex-grow, 1) 1 calc(60% - var(--stk-column-gap, 0px) * 1 \/ 2 ) !important;}}@media screen and (min-width: 768px) and (max-width: 1023px){.stk-e2f34c0 {flex:var(--stk-flex-grow, 1) 1 calc(100% - var(--stk-column-gap, 0px) * 0 \/ 1 ) !important;}}<\/style><div class=\"stk-column-wrapper stk-block-column__content stk-container stk-e2f34c0-container stk--no-background stk--no-padding\"><div class=\"stk-block-content stk-inner-blocks stk-e2f34c0-inner-blocks\">\n<div class=\"forminator-guttenberg\"><div class=\"forminator-ui forminator-custom-form forminator-custom-form-3329 forminator-design--material  forminator_ajax\" data-forminator-render=\"0\" data-form=\"forminator-module-3329\" data-uid=\"69dcfae9a2ff6\"><br\/><\/div><form\n\t\t\t\tid=\"forminator-module-3329\"\n\t\t\t\tclass=\"forminator-ui forminator-custom-form forminator-custom-form-3329 forminator-design--material  forminator_ajax\"\n\t\t\t\tmethod=\"post\"\n\t\t\t\tdata-forminator-render=\"0\"\n\t\t\t\tdata-form-id=\"3329\"\n\t\t\t\t data-color-option=\"theme\" data-design=\"material\" data-grid=\"open\" style=\"display: none;\"\n\t\t\t\tdata-uid=\"69dcfae9a2ff6\" action=\"\"\n\t\t\t><div role=\"alert\" aria-live=\"polite\" class=\"forminator-response-message forminator-error\" aria-hidden=\"true\"><\/div><div class=\"forminator-row\"><div id=\"text-1\" class=\"forminator-field-text forminator-col forminator-col-12\"><div class=\"forminator-field\"><label for=\"forminator-field-text-1_69dcfae9a2ff6\" id=\"forminator-field-text-1_69dcfae9a2ff6-label\" class=\"forminator-label\">Center \/ Entity <span class=\"forminator-required\">*<\/span><\/label><input type=\"text\" name=\"text-1\" value=\"\" placeholder=\"Please provide the name of your center or entity\" id=\"forminator-field-text-1_69dcfae9a2ff6\" class=\"forminator-input forminator-name--field\" data-required=\"1\" \/><\/div><\/div><\/div><div class=\"forminator-row\"><div id=\"name-1\" class=\"forminator-field-name forminator-col forminator-col-6\"><div class=\"forminator-field\"><label for=\"forminator-field-name-1_69dcfae9a2ff6\" id=\"forminator-field-name-1_69dcfae9a2ff6-label\" class=\"forminator-label\">Contact person <span class=\"forminator-required\">*<\/span><\/label><input type=\"text\" name=\"name-1\" value=\"\" placeholder=\"\" id=\"forminator-field-name-1_69dcfae9a2ff6\" class=\"forminator-input forminator-name--field\" aria-required=\"true\" autocomplete=\"name\" \/><\/div><\/div><div id=\"email-1\" class=\"forminator-field-email forminator-col forminator-col-6\"><div class=\"forminator-field\"><label for=\"forminator-field-email-1_69dcfae9a2ff6\" id=\"forminator-field-email-1_69dcfae9a2ff6-label\" class=\"forminator-label\">Email address <span class=\"forminator-required\">*<\/span><\/label><input type=\"email\" name=\"email-1\" value=\"\" placeholder=\"\" id=\"forminator-field-email-1_69dcfae9a2ff6\" class=\"forminator-input forminator-email--field\" data-required=\"true\" aria-required=\"true\" autocomplete=\"email\" \/><\/div><\/div><\/div><div class=\"forminator-row\"><div id=\"phone-1\" class=\"forminator-field-phone forminator-col forminator-col-4\"><div class=\"forminator-field\"><label for=\"forminator-field-phone-1_69dcfae9a2ff6\" id=\"forminator-field-phone-1_69dcfae9a2ff6-label\" class=\"forminator-label\">Phone number<\/label><input type=\"text\" name=\"phone-1\" value=\"\" placeholder=\"\" id=\"forminator-field-phone-1_69dcfae9a2ff6\" class=\"forminator-input forminator-field--phone\" data-required=\"\" aria-required=\"false\" autocomplete=\"off\" \/><\/div><\/div><div id=\"text-2\" class=\"forminator-field-text forminator-col forminator-col-4\"><div class=\"forminator-field\"><label for=\"forminator-field-text-2_69dcfae9a2ff6\" id=\"forminator-field-text-2_69dcfae9a2ff6-label\" class=\"forminator-label\">Locality <span class=\"forminator-required\">*<\/span><\/label><input type=\"text\" name=\"text-2\" value=\"\" placeholder=\"\" id=\"forminator-field-text-2_69dcfae9a2ff6\" class=\"forminator-input forminator-name--field\" data-required=\"1\" \/><\/div><\/div><div id=\"text-3\" class=\"forminator-field-text forminator-col forminator-col-4\"><div class=\"forminator-field\"><label for=\"forminator-field-text-3_69dcfae9a2ff6\" id=\"forminator-field-text-3_69dcfae9a2ff6-label\" class=\"forminator-label\">Province <span class=\"forminator-required\">*<\/span><\/label><input type=\"text\" name=\"text-3\" value=\"\" placeholder=\"\" id=\"forminator-field-text-3_69dcfae9a2ff6\" class=\"forminator-input forminator-name--field\" data-required=\"1\" \/><\/div><\/div><\/div><div class=\"forminator-row\"><div id=\"text-4\" class=\"forminator-field-text forminator-col forminator-col-12\"><div class=\"forminator-field\"><label for=\"forminator-field-text-4_69dcfae9a2ff6\" id=\"forminator-field-text-4_69dcfae9a2ff6-label\" class=\"forminator-label\">Educational stage <span class=\"forminator-required\">*<\/span><\/label><input type=\"text\" name=\"text-4\" value=\"\" placeholder=\"\" id=\"forminator-field-text-4_69dcfae9a2ff6\" class=\"forminator-input forminator-name--field\" data-required=\"1\" \/><\/div><\/div><\/div><div class=\"forminator-row\"><div id=\"number-1\" class=\"forminator-field-number forminator-col forminator-col-6\"><div class=\"forminator-field\"><label for=\"forminator-field-number-1_69dcfae9a2ff6\" id=\"forminator-field-number-1_69dcfae9a2ff6-label\" class=\"forminator-label\">Approximate number of students <span class=\"forminator-required\">*<\/span><\/label><input name=\"number-1\" value=\"\" placeholder=\"\" id=\"forminator-field-number-1_69dcfae9a2ff6\" class=\"forminator-input forminator-number--field\" inputmode=\"decimal\" data-required=\"1\" data-decimals=\"0\" aria-required=\"true\" data-inputmask=\"&#039;groupSeparator&#039;: &#039;&#039;, &#039;radixPoint&#039;: &#039;&#039;, &#039;digits&#039;: &#039;0&#039;\" data-hidden-behavior=\"zero\" type=\"number\" step=\"any\" min=\"1\" max=\"150\" \/><\/div><\/div><div id=\"date-1\" class=\"forminator-field-date forminator-col forminator-col-6\"><div class=\"forminator-field\"><label for=\"forminator-field-date-1-picker_69dcfae9a2ff6\" id=\"forminator-field-date-1-picker_69dcfae9a2ff6-label\" class=\"forminator-label\">Indicative Date <span class=\"forminator-required\">*<\/span><\/label><div class=\"forminator-input-with-icon\"><span class=\"forminator-icon-calendar\" aria-hidden=\"true\"><\/span><input autocomplete=\"off\" type=\"text\" size=\"1\" name=\"date-1\" value=\"\" placeholder=\"Choose a date\" id=\"forminator-field-date-1-picker_69dcfae9a2ff6\" class=\"forminator-input forminator-datepicker\" data-required=\"1\" data-format=\"dd-mm-yy\" data-restrict-type=\"\" data-restrict=\"\" data-start-year=\"2026\" data-end-year=\"2126\" data-past-dates=\"enable\" data-start-of-week=\"1\" data-start-date=\"2026-04-13\" data-end-date=\"\" data-start-field=\"\" data-end-field=\"\" data-start-offset=\"\" data-end-offset=\"\" data-disable-date=\"\" data-disable-range=\"\" \/><\/div><\/div><\/div><\/div><div class=\"forminator-row\"><div id=\"textarea-1\" class=\"forminator-field-textarea forminator-col forminator-col-12\"><div class=\"forminator-field\"><label for=\"forminator-field-textarea-1_69dcfae9a2ff6\" id=\"forminator-field-textarea-1_69dcfae9a2ff6-label\" class=\"forminator-label\">Comments <span class=\"forminator-required\">*<\/span><\/label><textarea name=\"textarea-1\" placeholder=\"\" id=\"forminator-field-textarea-1_69dcfae9a2ff6\" class=\"forminator-textarea\" rows=\"6\" style=\"min-height:140px;\" maxlength=\"180\" ><\/textarea><span id=\"forminator-field-textarea-1_69dcfae9a2ff6-description\" class=\"forminator-description\"><span data-limit=\"180\" data-type=\"characters\" data-editor=\"\">0 \/ 180<\/span><\/span><\/div><\/div><\/div><input type=\"hidden\" name=\"referer_url\" value=\"\" \/><div class=\"forminator-row forminator-row-last\"><div class=\"forminator-col\"><div class=\"forminator-field\"><button class=\"forminator-button forminator-button-submit\"><span>Send<\/span><span aria-hidden=\"true\"><\/span><\/button><\/div><\/div><\/div><input type=\"hidden\" id=\"forminator_nonce\" name=\"forminator_nonce\" value=\"2a2c695c40\" \/><input type=\"hidden\" name=\"_wp_http_referer\" value=\"\/en\/wp-json\/wp\/v2\/pages\/3332\" \/><input type=\"hidden\" name=\"form_id\" value=\"3329\"><input type=\"hidden\" name=\"page_id\" value=\"3332\"><input type=\"hidden\" name=\"form_type\" value=\"default\"><input type=\"hidden\" name=\"current_url\" value=\"https:\/\/exploranatura.es\/en\/formulario-centros-educativos-entidades\/\"><input type=\"hidden\" name=\"render_id\" value=\"0\"><input type=\"hidden\" name=\"action\" value=\"forminator_submit_form_custom-forms\"><input type=\"hidden\" name=\"trp-form-language\" value=\"en\"\/><\/form><\/div>\n<\/div><\/div><\/div>\n<\/div><\/div>","protected":false},"excerpt":{"rendered":"<p>\u00bfListos para descubrir los secretos y la diversi\u00f3n que esconde la naturaleza? Dise\u00f1amos experiencias a medida para tu centro educativo [&hellip;]<\/p>\n","protected":false},"author":2,"featured_media":0,"parent":0,"menu_order":0,"comment_status":"closed","ping_status":"closed","template":"","meta":{"site-sidebar-layout":"default","site-content-layout":"","ast-site-content-layout":"default","site-content-style":"default","site-sidebar-style":"default","ast-global-header-display":"","ast-banner-title-visibility":"","ast-main-header-display":"","ast-hfb-above-header-display":"","ast-hfb-below-header-display":"","ast-hfb-mobile-header-display":"","site-post-title":"disabled","ast-breadcrumbs-content":"","ast-featured-img":"","footer-sml-layout":"","ast-disable-related-posts":"","theme-transparent-header-meta":"","adv-header-id-meta":"","stick-header-meta":"","header-above-stick-meta":"","header-main-stick-meta":"","header-below-stick-meta":"","astra-migrate-meta-layouts":"default","ast-page-background-enabled":"default","ast-page-background-meta":{"desktop":{"background-color":"var(--ast-global-color-5)","background-image":"","background-repeat":"repeat","background-position":"center center","background-size":"auto","background-attachment":"scroll","background-type":"","background-media":"","overlay-type":"","overlay-color":"","overlay-opacity":"","overlay-gradient":""},"tablet":{"background-color":"","background-image":"","background-repeat":"repeat","background-position":"center center","background-size":"auto","background-attachment":"scroll","background-type":"","background-media":"","overlay-type":"","overlay-color":"","overlay-opacity":"","overlay-gradient":""},"mobile":{"background-color":"","background-image":"","background-repeat":"repeat","background-position":"center center","background-size":"auto","background-attachment":"scroll","background-type":"","background-media":"","overlay-type":"","overlay-color":"","overlay-opacity":"","overlay-gradient":""}},"ast-content-background-meta":{"desktop":{"background-color":"var(--ast-global-color-4)","background-image":"","background-repeat":"repeat","background-position":"center center","background-size":"auto","background-attachment":"scroll","background-type":"","background-media":"","overlay-type":"","overlay-color":"","overlay-opacity":"","overlay-gradient":""},"tablet":{"background-color":"var(--ast-global-color-4)","background-image":"","background-repeat":"repeat","background-position":"center center","background-size":"auto","background-attachment":"scroll","background-type":"","background-media":"","overlay-type":"","overlay-color":"","overlay-opacity":"","overlay-gradient":""},"mobile":{"background-color":"var(--ast-global-color-4)","background-image":"","background-repeat":"repeat","background-position":"center center","background-size":"auto","background-attachment":"scroll","background-type":"","background-media":"","overlay-type":"","overlay-color":"","overlay-opacity":"","overlay-gradient":""}},"footnotes":""},"class_list":["post-3332","page","type-page","status-publish","hentry"],"featured_image_urls_v2":{"full":"","thumbnail":"","medium":"","medium_large":"","large":"","1536x1536":"","2048x2048":"","trp-custom-language-flag":""},"post_excerpt_stackable_v2":"<p>\u00bfListos para descubrir los secretos y la diversi\u00f3n que esconde la naturaleza? Dise\u00f1amos experiencias a medida para tu centro educativo o entidad. Ya sea que tengas un proyecto claro o que necesites asesoramiento sobre nuestras actividades de naturaleza, estamos aqu\u00ed para ayudarte. Cu\u00e9ntanos qu\u00e9 buscas y recibir\u00e1s una respuesta personal en un plazo de 24 a 48 horas. Centro \/ Entidad *Persona de Contacto *Direcci\u00f3n de correo electr\u00f3nico *N\u00famero de tel\u00e9fonoLocalidad *Provincia *Etapa educativa *N\u00famero aproximado de alumnos *Fecha Orientativa *Comentarios *0 \/ 180Enviar<\/p>\n","category_list_v2":"","author_info_v2":{"name":"Jesus Castro Pe\u00f1a","url":"https:\/\/exploranatura.es\/en\/author\/jesus\/"},"comments_num_v2":"0 comments","yoast_head":"<!-- This site is optimized with the Yoast SEO Premium plugin v26.8 (Yoast SEO v27.2) - https:\/\/yoast.com\/product\/yoast-seo-premium-wordpress\/ -->\n<title>Formulario centros educativos-entidades | Explora Natura<\/title>\n<meta name=\"robots\" content=\"index, follow, max-snippet:-1, max-image-preview:large, max-video-preview:-1\" \/>\n<link rel=\"canonical\" href=\"https:\/\/exploranatura.es\/en\/formulario-centros-educativos-entidades\/\" \/>\n<meta property=\"og:locale\" content=\"en_US\" \/>\n<meta property=\"og:type\" content=\"article\" \/>\n<meta property=\"og:title\" content=\"Formulario centros educativos-entidades\" \/>\n<meta property=\"og:description\" content=\"\u00bfListos para descubrir los secretos y la diversi\u00f3n que esconde la naturaleza? Dise\u00f1amos experiencias a medida para tu centro educativo [&hellip;]\" \/>\n<meta property=\"og:url\" content=\"https:\/\/exploranatura.es\/en\/formulario-centros-educativos-entidades\/\" \/>\n<meta property=\"og:site_name\" content=\"Explora Natura\" \/>\n<meta property=\"article:modified_time\" content=\"2026-02-24T11:42:46+00:00\" \/>\n<meta property=\"og:image\" content=\"https:\/\/exploranatura.es\/wp-content\/uploads\/2025\/11\/BIG-LOGO.webp\" \/>\n\t<meta property=\"og:image:width\" content=\"1024\" \/>\n\t<meta property=\"og:image:height\" content=\"544\" \/>\n\t<meta property=\"og:image:type\" content=\"image\/webp\" \/>\n<meta name=\"twitter:card\" content=\"summary_large_image\" \/>\n<meta name=\"twitter:label1\" content=\"Est. reading time\" \/>\n\t<meta name=\"twitter:data1\" content=\"1 minute\" \/>\n<script type=\"application\/ld+json\" class=\"yoast-schema-graph\">{\"@context\":\"https:\/\/schema.org\",\"@graph\":[{\"@type\":\"WebPage\",\"@id\":\"https:\/\/exploranatura.es\/formulario-centros-educativos-entidades\/\",\"url\":\"https:\/\/exploranatura.es\/formulario-centros-educativos-entidades\/\",\"name\":\"Formulario centros educativos-entidades | Explora Natura\",\"isPartOf\":{\"@id\":\"https:\/\/exploranatura.es\/#website\"},\"datePublished\":\"2026-02-24T11:31:07+00:00\",\"dateModified\":\"2026-02-24T11:42:46+00:00\",\"breadcrumb\":{\"@id\":\"https:\/\/exploranatura.es\/formulario-centros-educativos-entidades\/#breadcrumb\"},\"inLanguage\":\"en-US\",\"potentialAction\":[{\"@type\":\"ReadAction\",\"target\":[\"https:\/\/exploranatura.es\/formulario-centros-educativos-entidades\/\"]}]},{\"@type\":\"BreadcrumbList\",\"@id\":\"https:\/\/exploranatura.es\/formulario-centros-educativos-entidades\/#breadcrumb\",\"itemListElement\":[{\"@type\":\"ListItem\",\"position\":1,\"name\":\"Portada\",\"item\":\"https:\/\/exploranatura.es\/\"},{\"@type\":\"ListItem\",\"position\":2,\"name\":\"Formulario centros educativos-entidades\"}]},{\"@type\":\"WebSite\",\"@id\":\"https:\/\/exploranatura.es\/#website\",\"url\":\"https:\/\/exploranatura.es\/\",\"name\":\"Explora Natura\",\"description\":\"Proyecto especializado en educaci\u00f3n ambiental, turismo de naturaleza y observaci\u00f3n de aves, que desarrolla hides fotogr\u00e1ficos, actividades ornitol\u00f3gicas y dise\u00f1o de espacios y parques dedicados a la interpretaci\u00f3n de la fauna.\",\"publisher\":{\"@id\":\"https:\/\/exploranatura.es\/#organization\"},\"alternateName\":\"Explora Natura\",\"potentialAction\":[{\"@type\":\"SearchAction\",\"target\":{\"@type\":\"EntryPoint\",\"urlTemplate\":\"https:\/\/exploranatura.es\/?s={search_term_string}\"},\"query-input\":{\"@type\":\"PropertyValueSpecification\",\"valueRequired\":true,\"valueName\":\"search_term_string\"}}],\"inLanguage\":\"en-US\"},{\"@type\":\"Organization\",\"@id\":\"https:\/\/exploranatura.es\/#organization\",\"name\":\"Explora Natura\",\"alternateName\":\"Explora Natura\",\"url\":\"https:\/\/exploranatura.es\/\",\"logo\":{\"@type\":\"ImageObject\",\"inLanguage\":\"en-US\",\"@id\":\"https:\/\/exploranatura.es\/#\/schema\/logo\/image\/\",\"url\":\"https:\/\/exploranatura.es\/wp-content\/uploads\/2025\/11\/favicon.webp\",\"contentUrl\":\"https:\/\/exploranatura.es\/wp-content\/uploads\/2025\/11\/favicon.webp\",\"width\":521,\"height\":513,\"caption\":\"Explora Natura\"},\"image\":{\"@id\":\"https:\/\/exploranatura.es\/#\/schema\/logo\/image\/\"},\"email\":\"exploranaturasl@gmail.com\",\"telephone\":\"651692055\",\"legalName\":\"Explora Natura SL\",\"foundingDate\":\"2015-10-01\",\"vatID\":\"B56035744\",\"numberOfEmployees\":{\"@type\":\"QuantitativeValue\",\"minValue\":\"1\",\"maxValue\":\"10\"}}]}<\/script>\n<!-- \/ Yoast SEO Premium plugin. -->","yoast_head_json":{"title":"Formulario centros educativos-entidades | Explora Natura","robots":{"index":"index","follow":"follow","max-snippet":"max-snippet:-1","max-image-preview":"max-image-preview:large","max-video-preview":"max-video-preview:-1"},"canonical":"https:\/\/exploranatura.es\/en\/formulario-centros-educativos-entidades\/","og_locale":"en_US","og_type":"article","og_title":"Formulario centros educativos-entidades","og_description":"\u00bfListos para descubrir los secretos y la diversi\u00f3n que esconde la naturaleza? Dise\u00f1amos experiencias a medida para tu centro educativo [&hellip;]","og_url":"https:\/\/exploranatura.es\/en\/formulario-centros-educativos-entidades\/","og_site_name":"Explora Natura","article_modified_time":"2026-02-24T11:42:46+00:00","og_image":[{"width":1024,"height":544,"url":"https:\/\/exploranatura.es\/wp-content\/uploads\/2025\/11\/BIG-LOGO.webp","type":"image\/webp"}],"twitter_card":"summary_large_image","twitter_misc":{"Est. reading time":"1 minute"},"schema":{"@context":"https:\/\/schema.org","@graph":[{"@type":"WebPage","@id":"https:\/\/exploranatura.es\/formulario-centros-educativos-entidades\/","url":"https:\/\/exploranatura.es\/formulario-centros-educativos-entidades\/","name":"Formulario centros educativos-entidades | Explora Natura","isPartOf":{"@id":"https:\/\/exploranatura.es\/#website"},"datePublished":"2026-02-24T11:31:07+00:00","dateModified":"2026-02-24T11:42:46+00:00","breadcrumb":{"@id":"https:\/\/exploranatura.es\/formulario-centros-educativos-entidades\/#breadcrumb"},"inLanguage":"en-US","potentialAction":[{"@type":"ReadAction","target":["https:\/\/exploranatura.es\/formulario-centros-educativos-entidades\/"]}]},{"@type":"BreadcrumbList","@id":"https:\/\/exploranatura.es\/formulario-centros-educativos-entidades\/#breadcrumb","itemListElement":[{"@type":"ListItem","position":1,"name":"Portada","item":"https:\/\/exploranatura.es\/"},{"@type":"ListItem","position":2,"name":"Formulario centros educativos-entidades"}]},{"@type":"WebSite","@id":"https:\/\/exploranatura.es\/#website","url":"https:\/\/exploranatura.es\/","name":"Explore Nature","description":"A project specializing in environmental education, nature tourism and bird watching, which develops photographic hides, ornithological activities and the design of spaces and parks dedicated to the interpretation of fauna.","publisher":{"@id":"https:\/\/exploranatura.es\/#organization"},"alternateName":"Explora Natura","potentialAction":[{"@type":"SearchAction","target":{"@type":"EntryPoint","urlTemplate":"https:\/\/exploranatura.es\/?s={search_term_string}"},"query-input":{"@type":"PropertyValueSpecification","valueRequired":true,"valueName":"search_term_string"}}],"inLanguage":"en-US"},{"@type":"Organization","@id":"https:\/\/exploranatura.es\/#organization","name":"Explore Nature","alternateName":"Explora Natura","url":"https:\/\/exploranatura.es\/","logo":{"@type":"ImageObject","inLanguage":"en-US","@id":"https:\/\/exploranatura.es\/#\/schema\/logo\/image\/","url":"https:\/\/exploranatura.es\/wp-content\/uploads\/2025\/11\/favicon.webp","contentUrl":"https:\/\/exploranatura.es\/wp-content\/uploads\/2025\/11\/favicon.webp","width":521,"height":513,"caption":"Explora Natura"},"image":{"@id":"https:\/\/exploranatura.es\/#\/schema\/logo\/image\/"},"email":"exploranaturasl@gmail.com","telephone":"651692055","legalName":"Explora Natura SL","foundingDate":"2015-10-01","vatID":"B56035744","numberOfEmployees":{"@type":"QuantitativeValue","minValue":"1","maxValue":"10"}}]}},"_links":{"self":[{"href":"https:\/\/exploranatura.es\/en\/wp-json\/wp\/v2\/pages\/3332","targetHints":{"allow":["GET"]}}],"collection":[{"href":"https:\/\/exploranatura.es\/en\/wp-json\/wp\/v2\/pages"}],"about":[{"href":"https:\/\/exploranatura.es\/en\/wp-json\/wp\/v2\/types\/page"}],"author":[{"embeddable":true,"href":"https:\/\/exploranatura.es\/en\/wp-json\/wp\/v2\/users\/2"}],"replies":[{"embeddable":true,"href":"https:\/\/exploranatura.es\/en\/wp-json\/wp\/v2\/comments?post=3332"}],"version-history":[{"count":2,"href":"https:\/\/exploranatura.es\/en\/wp-json\/wp\/v2\/pages\/3332\/revisions"}],"predecessor-version":[{"id":3346,"href":"https:\/\/exploranatura.es\/en\/wp-json\/wp\/v2\/pages\/3332\/revisions\/3346"}],"wp:attachment":[{"href":"https:\/\/exploranatura.es\/en\/wp-json\/wp\/v2\/media?parent=3332"}],"curies":[{"name":"wp","href":"https:\/\/api.w.org\/{rel}","templated":true}]}}