{"id":393,"date":"2025-12-02T10:53:44","date_gmt":"2025-12-02T09:53:44","guid":{"rendered":"https:\/\/exploranatura.es\/?page_id=393"},"modified":"2026-02-24T12:29:46","modified_gmt":"2026-02-24T11:29:46","slug":"contacto","status":"publish","type":"page","link":"https:\/\/exploranatura.es\/en\/contacto\/","title":{"rendered":"Contact"},"content":{"rendered":"<div class=\"wp-block-stackable-columns stk-block-columns stk-block stk-64d43bb\" data-block-id=\"64d43bb\"><style>.stk-64d43bb {margin-top:100px !important;}<\/style><div class=\"stk-row stk-inner-blocks stk-block-content stk-content-align stk-64d43bb-column\">\n<div class=\"wp-block-stackable-column stk-block-column stk-column stk-block stk-d4d4ce9\" data-v=\"4\" data-block-id=\"d4d4ce9\"><style>.stk-d4d4ce9 {align-self:center !important;}.stk-d4d4ce9-inner-blocks{align-items:center !important;justify-content:flex-start !important;}.stk-d4d4ce9-container{min-height:403px !important;max-width:1257px !important;min-width:auto !important;}<\/style><div class=\"stk-column-wrapper stk-block-column__content stk-container stk-d4d4ce9-container stk--no-background stk--no-padding\"><div class=\"stk--column-flex stk-block-content stk-inner-blocks stk-d4d4ce9-inner-blocks\">\n<div class=\"wp-block-stackable-heading stk-block-heading stk-block-heading--v2 stk-block stk-3f89fb5 stk-block-background\" id=\"quieres-disfrutar-de-una-aventura-en-el-campo\" data-block-id=\"3f89fb5\"><style>.stk-3f89fb5 {background-color:#fcd2008a !important;}.stk-3f89fb5:before{background-color:#fcd2008a !important;}.stk-3f89fb5 .stk-block-heading__text{color:#649b2e !important;line-height:1.4em !important;}<\/style><h2 class=\"stk-block-heading__text has-text-color has-text-align-center\">Do you want to enjoy an adventure in the countryside?<\/h2><\/div>\n\n\n\n<div class=\"wp-block-stackable-text stk-block-text stk-block stk-97ce587\" data-block-id=\"97ce587\"><p class=\"stk-block-text__text has-text-align-center\">Do you have an idea, want to organize an activity, or need more information about our environmental education and nature tourism programs? Tell us what you need, and we&#039;ll get back to you personally within 24-48 hours. Together, we&#039;ll design a tailor-made experience for your center, group, or organization.<\/p><\/div>\n<\/div><\/div><\/div>\n\n\n\n<div class=\"wp-block-stackable-column stk-block-column stk-column stk-block stk-edc2575\" data-v=\"4\" data-block-id=\"edc2575\"><div class=\"stk-column-wrapper stk-block-column__content stk-container stk-edc2575-container stk--no-background stk--no-padding\"><div class=\"stk-block-content stk-inner-blocks stk-edc2575-inner-blocks\">\n<div class=\"forminator-guttenberg\"><div class=\"forminator-ui forminator-custom-form forminator-custom-form-385 forminator-design--material  forminator_ajax\" data-forminator-render=\"0\" data-form=\"forminator-module-385\" data-uid=\"69dce72d39cdb\"><br\/><\/div><form\n\t\t\t\tid=\"forminator-module-385\"\n\t\t\t\tclass=\"forminator-ui forminator-custom-form forminator-custom-form-385 forminator-design--material  forminator_ajax\"\n\t\t\t\tmethod=\"post\"\n\t\t\t\tdata-forminator-render=\"0\"\n\t\t\t\tdata-form-id=\"385\"\n\t\t\t\t data-color-option=\"theme\" data-design=\"material\" data-grid=\"open\" style=\"display: none;\"\n\t\t\t\tdata-uid=\"69dce72d39cdb\" action=\"\"\n\t\t\t><div role=\"alert\" aria-live=\"polite\" class=\"forminator-response-message forminator-error\" aria-hidden=\"true\"><\/div><div class=\"forminator-row\"><div id=\"name-1\" class=\"forminator-field-name forminator-col forminator-col-12\"><div class=\"forminator-field\"><label for=\"forminator-field-name-1_69dce72d39cdb\" id=\"forminator-field-name-1_69dce72d39cdb-label\" class=\"forminator-label\">Name <span class=\"forminator-required\">*<\/span><\/label><input type=\"text\" name=\"name-1\" value=\"\" placeholder=\"\" id=\"forminator-field-name-1_69dce72d39cdb\" class=\"forminator-input forminator-name--field\" aria-required=\"true\" autocomplete=\"name\" \/><\/div><\/div><\/div><div class=\"forminator-row\"><div id=\"email-1\" class=\"forminator-field-email forminator-col forminator-col-12\"><div class=\"forminator-field\"><label for=\"forminator-field-email-1_69dce72d39cdb\" id=\"forminator-field-email-1_69dce72d39cdb-label\" class=\"forminator-label\">Email address <span class=\"forminator-required\">*<\/span><\/label><input type=\"email\" name=\"email-1\" value=\"\" placeholder=\"\" id=\"forminator-field-email-1_69dce72d39cdb\" class=\"forminator-input forminator-email--field\" data-required=\"true\" aria-required=\"true\" autocomplete=\"email\" \/><\/div><\/div><\/div><div class=\"forminator-row\"><div id=\"phone-1\" class=\"forminator-field-phone forminator-col forminator-col-12\"><div class=\"forminator-field\"><label for=\"forminator-field-phone-1_69dce72d39cdb\" id=\"forminator-field-phone-1_69dce72d39cdb-label\" class=\"forminator-label\">Phone number<\/label><input type=\"text\" name=\"phone-1\" value=\"\" placeholder=\"\" id=\"forminator-field-phone-1_69dce72d39cdb\" class=\"forminator-input forminator-field--phone\" data-required=\"\" aria-required=\"false\" autocomplete=\"off\" \/><\/div><\/div><\/div><div class=\"forminator-row\"><div id=\"textarea-1\" class=\"forminator-field-textarea forminator-col forminator-col-12\"><div class=\"forminator-field\"><label for=\"forminator-field-textarea-1_69dce72d39cdb\" id=\"forminator-field-textarea-1_69dce72d39cdb-label\" class=\"forminator-label\">Message<\/label><textarea name=\"textarea-1\" placeholder=\"\" id=\"forminator-field-textarea-1_69dce72d39cdb\" class=\"forminator-textarea\" rows=\"6\" style=\"min-height:140px;\" maxlength=\"180\" ><\/textarea><span id=\"forminator-field-textarea-1_69dce72d39cdb-description\" class=\"forminator-description\"><span data-limit=\"180\" data-type=\"characters\" data-editor=\"\">0 \/ 180<\/span><\/span><\/div><\/div><\/div><input type=\"hidden\" name=\"referer_url\" value=\"\" \/><div class=\"forminator-row forminator-row-last\"><div class=\"forminator-col\"><div class=\"forminator-field\"><button class=\"forminator-button forminator-button-submit\"><span>Send<\/span><span aria-hidden=\"true\"><\/span><\/button><\/div><\/div><\/div><input type=\"hidden\" id=\"forminator_nonce\" name=\"forminator_nonce\" value=\"ce28fcca24\" \/><input type=\"hidden\" name=\"_wp_http_referer\" value=\"\/en\/wp-json\/wp\/v2\/pages\/393\" \/><input type=\"hidden\" name=\"form_id\" value=\"385\"><input type=\"hidden\" name=\"page_id\" value=\"393\"><input type=\"hidden\" name=\"form_type\" value=\"default\"><input type=\"hidden\" name=\"current_url\" value=\"https:\/\/exploranatura.es\/en\/contacto\/\"><input type=\"hidden\" name=\"render_id\" value=\"0\"><input type=\"hidden\" name=\"action\" value=\"forminator_submit_form_custom-forms\"><input type=\"hidden\" name=\"trp-form-language\" value=\"en\"\/><\/form><\/div>\n<\/div><\/div><\/div>\n<\/div><\/div>","protected":false},"excerpt":{"rendered":"<p>\u00bfQuieres disfrutar de una aventura en el campo? \u00bfTienes una idea, quieres organizar una actividad o necesitas m\u00e1s informaci\u00f3n sobre [&hellip;]<\/p>\n","protected":false},"author":1,"featured_media":0,"parent":0,"menu_order":0,"comment_status":"closed","ping_status":"closed","template":"","meta":{"site-sidebar-layout":"default","site-content-layout":"","ast-site-content-layout":"default","site-content-style":"default","site-sidebar-style":"default","ast-global-header-display":"","ast-banner-title-visibility":"","ast-main-header-display":"","ast-hfb-above-header-display":"","ast-hfb-below-header-display":"","ast-hfb-mobile-header-display":"","site-post-title":"disabled","ast-breadcrumbs-content":"","ast-featured-img":"","footer-sml-layout":"","ast-disable-related-posts":"","theme-transparent-header-meta":"enabled","adv-header-id-meta":"","stick-header-meta":"","header-above-stick-meta":"","header-main-stick-meta":"","header-below-stick-meta":"","astra-migrate-meta-layouts":"default","ast-page-background-enabled":"default","ast-page-background-meta":{"desktop":{"background-color":"var(--ast-global-color-5)","background-image":"","background-repeat":"repeat","background-position":"center center","background-size":"auto","background-attachment":"scroll","background-type":"","background-media":"","overlay-type":"","overlay-color":"","overlay-opacity":"","overlay-gradient":""},"tablet":{"background-color":"","background-image":"","background-repeat":"repeat","background-position":"center center","background-size":"auto","background-attachment":"scroll","background-type":"","background-media":"","overlay-type":"","overlay-color":"","overlay-opacity":"","overlay-gradient":""},"mobile":{"background-color":"","background-image":"","background-repeat":"repeat","background-position":"center center","background-size":"auto","background-attachment":"scroll","background-type":"","background-media":"","overlay-type":"","overlay-color":"","overlay-opacity":"","overlay-gradient":""}},"ast-content-background-meta":{"desktop":{"background-color":"var(--ast-global-color-4)","background-image":"","background-repeat":"repeat","background-position":"center center","background-size":"auto","background-attachment":"scroll","background-type":"","background-media":"","overlay-type":"","overlay-color":"","overlay-opacity":"","overlay-gradient":""},"tablet":{"background-color":"var(--ast-global-color-4)","background-image":"","background-repeat":"repeat","background-position":"center center","background-size":"auto","background-attachment":"scroll","background-type":"","background-media":"","overlay-type":"","overlay-color":"","overlay-opacity":"","overlay-gradient":""},"mobile":{"background-color":"var(--ast-global-color-4)","background-image":"","background-repeat":"repeat","background-position":"center center","background-size":"auto","background-attachment":"scroll","background-type":"","background-media":"","overlay-type":"","overlay-color":"","overlay-opacity":"","overlay-gradient":""}},"footnotes":""},"class_list":["post-393","page","type-page","status-publish","hentry"],"featured_image_urls_v2":{"full":"","thumbnail":"","medium":"","medium_large":"","large":"","1536x1536":"","2048x2048":"","trp-custom-language-flag":""},"post_excerpt_stackable_v2":"<p>\u00bfQuieres disfrutar de una aventura en el campo? \u00bfTienes una idea, quieres organizar una actividad o necesitas m\u00e1s informaci\u00f3n sobre nuestras propuestas de educaci\u00f3n ambiental y turismo de naturaleza? Cu\u00e9ntanos qu\u00e9 necesitas y te responderemos personalmente en un plazo m\u00e1ximo de 24\/48 horas. Juntos dise\u00f1aremos una experiencia a medida para tu centro, grupo o entidad. Nombre *Direcci\u00f3n de correo electr\u00f3nico *N\u00famero de tel\u00e9fonoMensaje0 \/ 180Enviar<\/p>\n","category_list_v2":"","author_info_v2":{"name":"Francis","url":"https:\/\/exploranatura.es\/en\/author\/francisco\/"},"comments_num_v2":"0 comments","yoast_head":"<!-- This site is optimized with the Yoast SEO Premium plugin v26.8 (Yoast SEO v27.2) - https:\/\/yoast.com\/product\/yoast-seo-premium-wordpress\/ -->\n<title>Contacto | Explora Natura<\/title>\n<meta name=\"robots\" content=\"index, follow, max-snippet:-1, max-image-preview:large, max-video-preview:-1\" \/>\n<link rel=\"canonical\" href=\"https:\/\/exploranatura.es\/en\/contacto\/\" \/>\n<meta property=\"og:locale\" content=\"en_US\" \/>\n<meta property=\"og:type\" content=\"article\" \/>\n<meta property=\"og:title\" content=\"Contacto\" \/>\n<meta property=\"og:description\" content=\"\u00bfQuieres disfrutar de una aventura en el campo? \u00bfTienes una idea, quieres organizar una actividad o necesitas m\u00e1s informaci\u00f3n sobre [&hellip;]\" \/>\n<meta property=\"og:url\" content=\"https:\/\/exploranatura.es\/en\/contacto\/\" \/>\n<meta property=\"og:site_name\" content=\"Explora Natura\" \/>\n<meta property=\"article:modified_time\" content=\"2026-02-24T11:29:46+00:00\" \/>\n<meta property=\"og:image\" content=\"https:\/\/exploranatura.es\/wp-content\/uploads\/2025\/11\/BIG-LOGO.webp\" \/>\n\t<meta property=\"og:image:width\" content=\"1024\" \/>\n\t<meta property=\"og:image:height\" content=\"544\" \/>\n\t<meta property=\"og:image:type\" content=\"image\/webp\" \/>\n<meta name=\"twitter:card\" content=\"summary_large_image\" \/>\n<meta name=\"twitter:label1\" content=\"Est. reading time\" \/>\n\t<meta name=\"twitter:data1\" content=\"1 minute\" \/>\n<script type=\"application\/ld+json\" class=\"yoast-schema-graph\">{\"@context\":\"https:\/\/schema.org\",\"@graph\":[{\"@type\":\"WebPage\",\"@id\":\"https:\/\/exploranatura.es\/contacto\/\",\"url\":\"https:\/\/exploranatura.es\/contacto\/\",\"name\":\"Contacto | Explora Natura\",\"isPartOf\":{\"@id\":\"https:\/\/exploranatura.es\/#website\"},\"datePublished\":\"2025-12-02T09:53:44+00:00\",\"dateModified\":\"2026-02-24T11:29:46+00:00\",\"breadcrumb\":{\"@id\":\"https:\/\/exploranatura.es\/contacto\/#breadcrumb\"},\"inLanguage\":\"en-US\",\"potentialAction\":[{\"@type\":\"ReadAction\",\"target\":[\"https:\/\/exploranatura.es\/contacto\/\"]}]},{\"@type\":\"BreadcrumbList\",\"@id\":\"https:\/\/exploranatura.es\/contacto\/#breadcrumb\",\"itemListElement\":[{\"@type\":\"ListItem\",\"position\":1,\"name\":\"Portada\",\"item\":\"https:\/\/exploranatura.es\/\"},{\"@type\":\"ListItem\",\"position\":2,\"name\":\"Contacto\"}]},{\"@type\":\"WebSite\",\"@id\":\"https:\/\/exploranatura.es\/#website\",\"url\":\"https:\/\/exploranatura.es\/\",\"name\":\"Explora Natura\",\"description\":\"Proyecto especializado en educaci\u00f3n ambiental, turismo de naturaleza y observaci\u00f3n de aves, que desarrolla hides fotogr\u00e1ficos, actividades ornitol\u00f3gicas y dise\u00f1o de espacios y parques dedicados a la interpretaci\u00f3n de la fauna.\",\"publisher\":{\"@id\":\"https:\/\/exploranatura.es\/#organization\"},\"alternateName\":\"Explora Natura\",\"potentialAction\":[{\"@type\":\"SearchAction\",\"target\":{\"@type\":\"EntryPoint\",\"urlTemplate\":\"https:\/\/exploranatura.es\/?s={search_term_string}\"},\"query-input\":{\"@type\":\"PropertyValueSpecification\",\"valueRequired\":true,\"valueName\":\"search_term_string\"}}],\"inLanguage\":\"en-US\"},{\"@type\":\"Organization\",\"@id\":\"https:\/\/exploranatura.es\/#organization\",\"name\":\"Explora Natura\",\"alternateName\":\"Explora Natura\",\"url\":\"https:\/\/exploranatura.es\/\",\"logo\":{\"@type\":\"ImageObject\",\"inLanguage\":\"en-US\",\"@id\":\"https:\/\/exploranatura.es\/#\/schema\/logo\/image\/\",\"url\":\"https:\/\/exploranatura.es\/wp-content\/uploads\/2025\/11\/favicon.webp\",\"contentUrl\":\"https:\/\/exploranatura.es\/wp-content\/uploads\/2025\/11\/favicon.webp\",\"width\":521,\"height\":513,\"caption\":\"Explora Natura\"},\"image\":{\"@id\":\"https:\/\/exploranatura.es\/#\/schema\/logo\/image\/\"},\"email\":\"exploranaturasl@gmail.com\",\"telephone\":\"651692055\",\"legalName\":\"Explora Natura SL\",\"foundingDate\":\"2015-10-01\",\"vatID\":\"B56035744\",\"numberOfEmployees\":{\"@type\":\"QuantitativeValue\",\"minValue\":\"1\",\"maxValue\":\"10\"}}]}<\/script>\n<!-- \/ Yoast SEO Premium plugin. -->","yoast_head_json":{"title":"Contacto | Explora Natura","robots":{"index":"index","follow":"follow","max-snippet":"max-snippet:-1","max-image-preview":"max-image-preview:large","max-video-preview":"max-video-preview:-1"},"canonical":"https:\/\/exploranatura.es\/en\/contacto\/","og_locale":"en_US","og_type":"article","og_title":"Contacto","og_description":"\u00bfQuieres disfrutar de una aventura en el campo? \u00bfTienes una idea, quieres organizar una actividad o necesitas m\u00e1s informaci\u00f3n sobre [&hellip;]","og_url":"https:\/\/exploranatura.es\/en\/contacto\/","og_site_name":"Explora Natura","article_modified_time":"2026-02-24T11:29:46+00:00","og_image":[{"width":1024,"height":544,"url":"https:\/\/exploranatura.es\/wp-content\/uploads\/2025\/11\/BIG-LOGO.webp","type":"image\/webp"}],"twitter_card":"summary_large_image","twitter_misc":{"Est. reading time":"1 minute"},"schema":{"@context":"https:\/\/schema.org","@graph":[{"@type":"WebPage","@id":"https:\/\/exploranatura.es\/contacto\/","url":"https:\/\/exploranatura.es\/contacto\/","name":"Contacto | Explora Natura","isPartOf":{"@id":"https:\/\/exploranatura.es\/#website"},"datePublished":"2025-12-02T09:53:44+00:00","dateModified":"2026-02-24T11:29:46+00:00","breadcrumb":{"@id":"https:\/\/exploranatura.es\/contacto\/#breadcrumb"},"inLanguage":"en-US","potentialAction":[{"@type":"ReadAction","target":["https:\/\/exploranatura.es\/contacto\/"]}]},{"@type":"BreadcrumbList","@id":"https:\/\/exploranatura.es\/contacto\/#breadcrumb","itemListElement":[{"@type":"ListItem","position":1,"name":"Portada","item":"https:\/\/exploranatura.es\/"},{"@type":"ListItem","position":2,"name":"Contacto"}]},{"@type":"WebSite","@id":"https:\/\/exploranatura.es\/#website","url":"https:\/\/exploranatura.es\/","name":"Explore Nature","description":"A project specializing in environmental education, nature tourism and bird watching, which develops photographic hides, ornithological activities and the design of spaces and parks dedicated to the interpretation of fauna.","publisher":{"@id":"https:\/\/exploranatura.es\/#organization"},"alternateName":"Explora Natura","potentialAction":[{"@type":"SearchAction","target":{"@type":"EntryPoint","urlTemplate":"https:\/\/exploranatura.es\/?s={search_term_string}"},"query-input":{"@type":"PropertyValueSpecification","valueRequired":true,"valueName":"search_term_string"}}],"inLanguage":"en-US"},{"@type":"Organization","@id":"https:\/\/exploranatura.es\/#organization","name":"Explore Nature","alternateName":"Explora Natura","url":"https:\/\/exploranatura.es\/","logo":{"@type":"ImageObject","inLanguage":"en-US","@id":"https:\/\/exploranatura.es\/#\/schema\/logo\/image\/","url":"https:\/\/exploranatura.es\/wp-content\/uploads\/2025\/11\/favicon.webp","contentUrl":"https:\/\/exploranatura.es\/wp-content\/uploads\/2025\/11\/favicon.webp","width":521,"height":513,"caption":"Explora Natura"},"image":{"@id":"https:\/\/exploranatura.es\/#\/schema\/logo\/image\/"},"email":"exploranaturasl@gmail.com","telephone":"651692055","legalName":"Explora Natura SL","foundingDate":"2015-10-01","vatID":"B56035744","numberOfEmployees":{"@type":"QuantitativeValue","minValue":"1","maxValue":"10"}}]}},"_links":{"self":[{"href":"https:\/\/exploranatura.es\/en\/wp-json\/wp\/v2\/pages\/393","targetHints":{"allow":["GET"]}}],"collection":[{"href":"https:\/\/exploranatura.es\/en\/wp-json\/wp\/v2\/pages"}],"about":[{"href":"https:\/\/exploranatura.es\/en\/wp-json\/wp\/v2\/types\/page"}],"author":[{"embeddable":true,"href":"https:\/\/exploranatura.es\/en\/wp-json\/wp\/v2\/users\/1"}],"replies":[{"embeddable":true,"href":"https:\/\/exploranatura.es\/en\/wp-json\/wp\/v2\/comments?post=393"}],"version-history":[{"count":2,"href":"https:\/\/exploranatura.es\/en\/wp-json\/wp\/v2\/pages\/393\/revisions"}],"predecessor-version":[{"id":3331,"href":"https:\/\/exploranatura.es\/en\/wp-json\/wp\/v2\/pages\/393\/revisions\/3331"}],"wp:attachment":[{"href":"https:\/\/exploranatura.es\/en\/wp-json\/wp\/v2\/media?parent=393"}],"curies":[{"name":"wp","href":"https:\/\/api.w.org\/{rel}","templated":true}]}}