{"id":3703,"date":"2026-05-07T13:46:31","date_gmt":"2026-05-07T11:46:31","guid":{"rendered":"https:\/\/exploranatura.es\/?post_type=product&#038;p=3703"},"modified":"2026-05-07T13:46:32","modified_gmt":"2026-05-07T11:46:32","slug":"sierra-de-la-culebra","status":"publish","type":"product","link":"https:\/\/exploranatura.es\/en\/product\/sierra-de-la-culebra\/","title":{"rendered":"SIERRA DE LA CULEBRA"},"content":{"rendered":"","protected":false},"excerpt":{"rendered":"","protected":false},"featured_media":3711,"comment_status":"open","ping_status":"closed","template":"","meta":{"_acf_changed":false,"site-sidebar-layout":"default","site-content-layout":"","ast-site-content-layout":"default","site-content-style":"default","site-sidebar-style":"default","ast-global-header-display":"","ast-banner-title-visibility":"","ast-main-header-display":"","ast-hfb-above-header-display":"","ast-hfb-below-header-display":"","ast-hfb-mobile-header-display":"","site-post-title":"","ast-breadcrumbs-content":"","ast-featured-img":"","footer-sml-layout":"","ast-disable-related-posts":"","theme-transparent-header-meta":"default","adv-header-id-meta":"","stick-header-meta":"default","header-above-stick-meta":"","header-main-stick-meta":"","header-below-stick-meta":"","astra-migrate-meta-layouts":"set","ast-page-background-enabled":"default","ast-page-background-meta":{"desktop":{"background-color":"var(--ast-global-color-5)","background-image":"","background-repeat":"repeat","background-position":"center center","background-size":"auto","background-attachment":"scroll","background-type":"","background-media":"","overlay-type":"","overlay-color":"","overlay-opacity":"","overlay-gradient":""},"tablet":{"background-color":"","background-image":"","background-repeat":"repeat","background-position":"center center","background-size":"auto","background-attachment":"scroll","background-type":"","background-media":"","overlay-type":"","overlay-color":"","overlay-opacity":"","overlay-gradient":""},"mobile":{"background-color":"","background-image":"","background-repeat":"repeat","background-position":"center center","background-size":"auto","background-attachment":"scroll","background-type":"","background-media":"","overlay-type":"","overlay-color":"","overlay-opacity":"","overlay-gradient":""}},"ast-content-background-meta":{"desktop":{"background-color":"var(--ast-global-color-4)","background-image":"","background-repeat":"repeat","background-position":"center center","background-size":"auto","background-attachment":"scroll","background-type":"","background-media":"","overlay-type":"","overlay-color":"","overlay-opacity":"","overlay-gradient":""},"tablet":{"background-color":"var(--ast-global-color-4)","background-image":"","background-repeat":"repeat","background-position":"center center","background-size":"auto","background-attachment":"scroll","background-type":"","background-media":"","overlay-type":"","overlay-color":"","overlay-opacity":"","overlay-gradient":""},"mobile":{"background-color":"var(--ast-global-color-4)","background-image":"","background-repeat":"repeat","background-position":"center center","background-size":"auto","background-attachment":"scroll","background-type":"","background-media":"","overlay-type":"","overlay-color":"","overlay-opacity":"","overlay-gradient":""}}},"product_brand":[],"product_cat":[75],"product_tag":[],"class_list":{"0":"post-3703","1":"product","2":"type-product","3":"status-publish","4":"has-post-thumbnail","6":"product_cat-viajes-fotograficos-profesionales","7":"desktop-align-left","8":"tablet-align-left","9":"mobile-align-left","10":"ast-product-gallery-layout-horizontal-slider","11":"ast-product-tabs-layout-horizontal","13":"first","14":"instock","15":"taxable","16":"shipping-taxable","17":"purchasable","18":"product-type-simple"},"acf":[],"featured_image_urls_v2":{"full":["https:\/\/exploranatura.es\/wp-content\/uploads\/2026\/05\/SIERRA-DE-LA-CULEBRA-.webp",1024,1024,false],"thumbnail":["https:\/\/exploranatura.es\/wp-content\/uploads\/2026\/05\/SIERRA-DE-LA-CULEBRA--150x150.webp",150,150,true],"medium":["https:\/\/exploranatura.es\/wp-content\/uploads\/2026\/05\/SIERRA-DE-LA-CULEBRA--300x300.webp",300,300,true],"medium_large":["https:\/\/exploranatura.es\/wp-content\/uploads\/2026\/05\/SIERRA-DE-LA-CULEBRA--768x768.webp",768,768,true],"large":["https:\/\/exploranatura.es\/wp-content\/uploads\/2026\/05\/SIERRA-DE-LA-CULEBRA-.webp",1024,1024,false],"1536x1536":["https:\/\/exploranatura.es\/wp-content\/uploads\/2026\/05\/SIERRA-DE-LA-CULEBRA-.webp",1024,1024,false],"2048x2048":["https:\/\/exploranatura.es\/wp-content\/uploads\/2026\/05\/SIERRA-DE-LA-CULEBRA-.webp",1024,1024,false],"trp-custom-language-flag":["https:\/\/exploranatura.es\/wp-content\/uploads\/2026\/05\/SIERRA-DE-LA-CULEBRA--12x12.webp",12,12,true],"woocommerce_thumbnail":["https:\/\/exploranatura.es\/wp-content\/uploads\/2026\/05\/SIERRA-DE-LA-CULEBRA--300x300.webp",300,300,true],"woocommerce_single":["https:\/\/exploranatura.es\/wp-content\/uploads\/2026\/05\/SIERRA-DE-LA-CULEBRA--600x600.webp",600,600,true],"woocommerce_gallery_thumbnail":["https:\/\/exploranatura.es\/wp-content\/uploads\/2026\/05\/SIERRA-DE-LA-CULEBRA--100x100.webp",100,100,true]},"post_excerpt_stackable_v2":"","category_list_v2":"","author_info_v2":{"name":"","url":""},"comments_num_v2":"0 comments","yoast_head":"<!-- This site is optimized with the Yoast SEO Premium plugin v26.8 (Yoast SEO v27.5) - https:\/\/yoast.com\/product\/yoast-seo-premium-wordpress\/ -->\n<title>SIERRA DE LA CULEBRA | Explora Natura<\/title>\n<meta name=\"robots\" content=\"index, follow, max-snippet:-1, max-image-preview:large, max-video-preview:-1\" \/>\n<link rel=\"canonical\" href=\"https:\/\/exploranatura.es\/en\/product\/sierra-de-la-culebra\/\" \/>\n<meta property=\"og:locale\" content=\"en_US\" \/>\n<meta property=\"og:type\" content=\"article\" \/>\n<meta property=\"og:title\" content=\"SIERRA DE LA CULEBRA\" \/>\n<meta property=\"og:url\" content=\"https:\/\/exploranatura.es\/en\/product\/sierra-de-la-culebra\/\" \/>\n<meta property=\"og:site_name\" content=\"Explora Natura\" \/>\n<meta property=\"article:modified_time\" content=\"2026-05-07T11:46:32+00:00\" \/>\n<meta property=\"og:image\" content=\"https:\/\/exploranatura.es\/wp-content\/uploads\/2026\/05\/SIERRA-DE-LA-CULEBRA-.webp\" \/>\n\t<meta property=\"og:image:width\" content=\"1024\" \/>\n\t<meta property=\"og:image:height\" content=\"1024\" \/>\n\t<meta property=\"og:image:type\" content=\"image\/webp\" \/>\n<meta name=\"twitter:card\" content=\"summary_large_image\" \/>\n<meta name=\"twitter:label1\" content=\"Est. reading time\" \/>\n\t<meta name=\"twitter:data1\" content=\"1 minute\" \/>\n<script type=\"application\/ld+json\" class=\"yoast-schema-graph\">{\"@context\":\"https:\\\/\\\/schema.org\",\"@graph\":[{\"@type\":\"WebPage\",\"@id\":\"https:\\\/\\\/exploranatura.es\\\/producto\\\/sierra-de-la-culebra\\\/\",\"url\":\"https:\\\/\\\/exploranatura.es\\\/producto\\\/sierra-de-la-culebra\\\/\",\"name\":\"SIERRA DE LA CULEBRA | Explora Natura\",\"isPartOf\":{\"@id\":\"https:\\\/\\\/exploranatura.es\\\/#website\"},\"primaryImageOfPage\":{\"@id\":\"https:\\\/\\\/exploranatura.es\\\/producto\\\/sierra-de-la-culebra\\\/#primaryimage\"},\"image\":{\"@id\":\"https:\\\/\\\/exploranatura.es\\\/producto\\\/sierra-de-la-culebra\\\/#primaryimage\"},\"thumbnailUrl\":\"https:\\\/\\\/exploranatura.es\\\/wp-content\\\/uploads\\\/2026\\\/05\\\/SIERRA-DE-LA-CULEBRA-.webp\",\"datePublished\":\"2026-05-07T11:46:31+00:00\",\"dateModified\":\"2026-05-07T11:46:32+00:00\",\"breadcrumb\":{\"@id\":\"https:\\\/\\\/exploranatura.es\\\/producto\\\/sierra-de-la-culebra\\\/#breadcrumb\"},\"inLanguage\":\"en-US\",\"potentialAction\":[{\"@type\":\"ReadAction\",\"target\":[\"https:\\\/\\\/exploranatura.es\\\/producto\\\/sierra-de-la-culebra\\\/\"]}]},{\"@type\":\"ImageObject\",\"inLanguage\":\"en-US\",\"@id\":\"https:\\\/\\\/exploranatura.es\\\/producto\\\/sierra-de-la-culebra\\\/#primaryimage\",\"url\":\"https:\\\/\\\/exploranatura.es\\\/wp-content\\\/uploads\\\/2026\\\/05\\\/SIERRA-DE-LA-CULEBRA-.webp\",\"contentUrl\":\"https:\\\/\\\/exploranatura.es\\\/wp-content\\\/uploads\\\/2026\\\/05\\\/SIERRA-DE-LA-CULEBRA-.webp\",\"width\":1024,\"height\":1024},{\"@type\":\"BreadcrumbList\",\"@id\":\"https:\\\/\\\/exploranatura.es\\\/producto\\\/sierra-de-la-culebra\\\/#breadcrumb\",\"itemListElement\":[{\"@type\":\"ListItem\",\"position\":1,\"name\":\"Portada\",\"item\":\"https:\\\/\\\/exploranatura.es\\\/\"},{\"@type\":\"ListItem\",\"position\":2,\"name\":\"Tienda\",\"item\":\"https:\\\/\\\/exploranatura.es\\\/tienda\\\/\"},{\"@type\":\"ListItem\",\"position\":3,\"name\":\"SIERRA DE LA CULEBRA\"}]},{\"@type\":\"WebSite\",\"@id\":\"https:\\\/\\\/exploranatura.es\\\/#website\",\"url\":\"https:\\\/\\\/exploranatura.es\\\/\",\"name\":\"Explora Natura\",\"description\":\"Proyecto especializado en educaci\u00f3n ambiental, turismo de naturaleza y observaci\u00f3n de aves, que desarrolla hides fotogr\u00e1ficos, actividades ornitol\u00f3gicas y dise\u00f1o de espacios y parques dedicados a la interpretaci\u00f3n de la fauna.\",\"publisher\":{\"@id\":\"https:\\\/\\\/exploranatura.es\\\/#organization\"},\"alternateName\":\"Explora Natura\",\"potentialAction\":[{\"@type\":\"SearchAction\",\"target\":{\"@type\":\"EntryPoint\",\"urlTemplate\":\"https:\\\/\\\/exploranatura.es\\\/?s={search_term_string}\"},\"query-input\":{\"@type\":\"PropertyValueSpecification\",\"valueRequired\":true,\"valueName\":\"search_term_string\"}}],\"inLanguage\":\"en-US\"},{\"@type\":\"Organization\",\"@id\":\"https:\\\/\\\/exploranatura.es\\\/#organization\",\"name\":\"Explora Natura\",\"alternateName\":\"Explora Natura\",\"url\":\"https:\\\/\\\/exploranatura.es\\\/\",\"logo\":{\"@type\":\"ImageObject\",\"inLanguage\":\"en-US\",\"@id\":\"https:\\\/\\\/exploranatura.es\\\/#\\\/schema\\\/logo\\\/image\\\/\",\"url\":\"https:\\\/\\\/exploranatura.es\\\/wp-content\\\/uploads\\\/2025\\\/11\\\/favicon.webp\",\"contentUrl\":\"https:\\\/\\\/exploranatura.es\\\/wp-content\\\/uploads\\\/2025\\\/11\\\/favicon.webp\",\"width\":521,\"height\":513,\"caption\":\"Explora Natura\"},\"image\":{\"@id\":\"https:\\\/\\\/exploranatura.es\\\/#\\\/schema\\\/logo\\\/image\\\/\"},\"email\":\"exploranaturasl@gmail.com\",\"telephone\":\"651692055\",\"legalName\":\"Explora Natura SL\",\"foundingDate\":\"2015-10-01\",\"vatID\":\"B56035744\",\"numberOfEmployees\":{\"@type\":\"QuantitativeValue\",\"minValue\":\"1\",\"maxValue\":\"10\"}}]}<\/script>\n<!-- \/ Yoast SEO Premium plugin. -->","yoast_head_json":{"title":"SIERRA DE LA CULEBRA | Explora Natura","robots":{"index":"index","follow":"follow","max-snippet":"max-snippet:-1","max-image-preview":"max-image-preview:large","max-video-preview":"max-video-preview:-1"},"canonical":"https:\/\/exploranatura.es\/en\/product\/sierra-de-la-culebra\/","og_locale":"en_US","og_type":"article","og_title":"SIERRA DE LA CULEBRA","og_url":"https:\/\/exploranatura.es\/en\/product\/sierra-de-la-culebra\/","og_site_name":"Explora Natura","article_modified_time":"2026-05-07T11:46:32+00:00","og_image":[{"width":1024,"height":1024,"url":"https:\/\/exploranatura.es\/wp-content\/uploads\/2026\/05\/SIERRA-DE-LA-CULEBRA-.webp","type":"image\/webp"}],"twitter_card":"summary_large_image","twitter_misc":{"Est. reading time":"1 minute"},"schema":{"@context":"https:\/\/schema.org","@graph":[{"@type":"WebPage","@id":"https:\/\/exploranatura.es\/producto\/sierra-de-la-culebra\/","url":"https:\/\/exploranatura.es\/producto\/sierra-de-la-culebra\/","name":"SIERRA DE LA CULEBRA | Explora Natura","isPartOf":{"@id":"https:\/\/exploranatura.es\/#website"},"primaryImageOfPage":{"@id":"https:\/\/exploranatura.es\/producto\/sierra-de-la-culebra\/#primaryimage"},"image":{"@id":"https:\/\/exploranatura.es\/producto\/sierra-de-la-culebra\/#primaryimage"},"thumbnailUrl":"https:\/\/exploranatura.es\/wp-content\/uploads\/2026\/05\/SIERRA-DE-LA-CULEBRA-.webp","datePublished":"2026-05-07T11:46:31+00:00","dateModified":"2026-05-07T11:46:32+00:00","breadcrumb":{"@id":"https:\/\/exploranatura.es\/producto\/sierra-de-la-culebra\/#breadcrumb"},"inLanguage":"en-US","potentialAction":[{"@type":"ReadAction","target":["https:\/\/exploranatura.es\/producto\/sierra-de-la-culebra\/"]}]},{"@type":"ImageObject","inLanguage":"en-US","@id":"https:\/\/exploranatura.es\/producto\/sierra-de-la-culebra\/#primaryimage","url":"https:\/\/exploranatura.es\/wp-content\/uploads\/2026\/05\/SIERRA-DE-LA-CULEBRA-.webp","contentUrl":"https:\/\/exploranatura.es\/wp-content\/uploads\/2026\/05\/SIERRA-DE-LA-CULEBRA-.webp","width":1024,"height":1024},{"@type":"BreadcrumbList","@id":"https:\/\/exploranatura.es\/producto\/sierra-de-la-culebra\/#breadcrumb","itemListElement":[{"@type":"ListItem","position":1,"name":"Portada","item":"https:\/\/exploranatura.es\/"},{"@type":"ListItem","position":2,"name":"Tienda","item":"https:\/\/exploranatura.es\/tienda\/"},{"@type":"ListItem","position":3,"name":"SIERRA DE LA CULEBRA"}]},{"@type":"WebSite","@id":"https:\/\/exploranatura.es\/#website","url":"https:\/\/exploranatura.es\/","name":"Explore Nature","description":"A project specializing in environmental education, nature tourism and bird watching, which develops photographic hides, ornithological activities and the design of spaces and parks dedicated to the interpretation of fauna.","publisher":{"@id":"https:\/\/exploranatura.es\/#organization"},"alternateName":"Explora Natura","potentialAction":[{"@type":"SearchAction","target":{"@type":"EntryPoint","urlTemplate":"https:\/\/exploranatura.es\/?s={search_term_string}"},"query-input":{"@type":"PropertyValueSpecification","valueRequired":true,"valueName":"search_term_string"}}],"inLanguage":"en-US"},{"@type":"Organization","@id":"https:\/\/exploranatura.es\/#organization","name":"Explore Nature","alternateName":"Explora Natura","url":"https:\/\/exploranatura.es\/","logo":{"@type":"ImageObject","inLanguage":"en-US","@id":"https:\/\/exploranatura.es\/#\/schema\/logo\/image\/","url":"https:\/\/exploranatura.es\/wp-content\/uploads\/2025\/11\/favicon.webp","contentUrl":"https:\/\/exploranatura.es\/wp-content\/uploads\/2025\/11\/favicon.webp","width":521,"height":513,"caption":"Explora Natura"},"image":{"@id":"https:\/\/exploranatura.es\/#\/schema\/logo\/image\/"},"email":"exploranaturasl@gmail.com","telephone":"651692055","legalName":"Explora Natura SL","foundingDate":"2015-10-01","vatID":"B56035744","numberOfEmployees":{"@type":"QuantitativeValue","minValue":"1","maxValue":"10"}}]}},"_links":{"self":[{"href":"https:\/\/exploranatura.es\/en\/wp-json\/wp\/v2\/product\/3703","targetHints":{"allow":["GET"]}}],"collection":[{"href":"https:\/\/exploranatura.es\/en\/wp-json\/wp\/v2\/product"}],"about":[{"href":"https:\/\/exploranatura.es\/en\/wp-json\/wp\/v2\/types\/product"}],"replies":[{"embeddable":true,"href":"https:\/\/exploranatura.es\/en\/wp-json\/wp\/v2\/comments?post=3703"}],"wp:featuredmedia":[{"embeddable":true,"href":"https:\/\/exploranatura.es\/en\/wp-json\/wp\/v2\/media\/3711"}],"wp:attachment":[{"href":"https:\/\/exploranatura.es\/en\/wp-json\/wp\/v2\/media?parent=3703"}],"wp:term":[{"taxonomy":"product_brand","embeddable":true,"href":"https:\/\/exploranatura.es\/en\/wp-json\/wp\/v2\/product_brand?post=3703"},{"taxonomy":"product_cat","embeddable":true,"href":"https:\/\/exploranatura.es\/en\/wp-json\/wp\/v2\/product_cat?post=3703"},{"taxonomy":"product_tag","embeddable":true,"href":"https:\/\/exploranatura.es\/en\/wp-json\/wp\/v2\/product_tag?post=3703"}],"curies":[{"name":"wp","href":"https:\/\/api.w.org\/{rel}","templated":true}]}}